{"id":4080,"date":"2025-08-07T14:21:17","date_gmt":"2025-08-07T14:21:17","guid":{"rendered":"https:\/\/rovelotruck.ca\/about\/specifications-de-rechapage\/"},"modified":"2025-09-22T03:22:12","modified_gmt":"2025-09-22T03:22:12","slug":"specifications-de-rechapage","status":"publish","type":"page","link":"https:\/\/rovelotruck.ca\/fr-ca\/about\/specifications-de-rechapage\/","title":{"rendered":"Sp\u00e9cifications de Rechapage"},"content":{"rendered":"<div id=\"med-title-block_26f338e2c0d981437afdc5b925ea2c78\"  class=\"container-fluid position-relative \">\n    <div class=\"row bg-dark text-light bg-dark-fade\"  style=\"height: 250px;\">\n        <div class=\"col-12 col-lg-5 p-0 offset-lg-7\">\n            <div class=\"wp-block-cover clip-lg-left\" style=\"aspect-ratio:unset;\">\n                <span aria-hidden=\"true\" class=\"wp-block-cover__background has-background-dim-60 has-background-dim wp-block-cover__gradient-background has-background-gradient has-dark-fade-gradient-background\"><\/span>\n                <img loading=\"lazy\" decoding=\"async\" class=\"wp-block-cover__image-background img-grow-on-load\" alt=\"\"  src=\"https:\/\/rovelotruck.ca\/wp-content\/uploads\/2025\/08\/RetreadSpecs-Section1-HeroImg.webp\" data-object-fit=\"cover\">\n            <\/div>\n        <\/div>\n    <\/div>\n    <div class=\"position-absolute w-100 h-100 d-flex flex-columns align-items-center\"  style=\"top:0;left:0;\">\n        \n        <div class=\"container-xl\">\n            <div class=\"row\">\n                <div class=\"col-12 col-lg-7\">\n                    <h1 class=\"text-white text-lg-primary text-shadow has-size-4-font-size aos-init\" data-aos=\"fade-right\" data-aos-duration=\"800\">Sp\u00e9cifications de Rechapage<\/h1>\n                <\/div>\n            <\/div>\n        <\/div>\n    <\/div>\n<\/div>\n\n\n<div class=\"wp-block-group container-xl mt-5 mb-5\">\n<p>Les sp\u00e9cifications indiqu\u00e9es ci-dessous sont \u00e0 titre de recommandation seulement. L\u2019\u00e9quipement de meulage peut varier et, \u00e0 ce titre, les sp\u00e9cifications ci-dessous doivent \u00eatre v\u00e9rifi\u00e9es pour chaque type de meuleuse. En savoir plus sur les sp\u00e9cifications de retrait des pneus.  <\/p>\n\n\n\n<div class=\"wp-block-buttons\">\n<div class=\"wp-block-button\"><a class=\"wp-block-button__link has-primary-background-color has-background wp-element-button\" href=\"https:\/\/rovelotruck.ca\/wp-content\/uploads\/2025\/08\/Retread-Specs-RV.pdf\" target=\"_blank\" rel=\"noreferrer noopener\">T\u00e9l\u00e9charger la fiche technique du rechapage<\/a><\/div>\n<\/div>\n<\/div>\n","protected":false},"excerpt":{"rendered":"<p>Les sp\u00e9cifications indiqu\u00e9es ci-dessous sont \u00e0 titre de recommandation seulement. L\u2019\u00e9quipement de meulage peut varier et, \u00e0 ce titre, les sp\u00e9cifications ci-dessous doivent \u00eatre v\u00e9rifi\u00e9es pour chaque type de meuleuse. En savoir plus sur les sp\u00e9cifications de retrait des pneus.<\/p>\n","protected":false},"author":1,"featured_media":0,"parent":2221,"menu_order":0,"comment_status":"closed","ping_status":"closed","template":"","meta":{"_acf_changed":false,"footnotes":""},"class_list":["post-4080","page","type-page","status-publish","hentry"],"acf":[],"yoast_head":"<!-- This site is optimized with the Yoast SEO plugin v27.2 - https:\/\/yoast.com\/product\/yoast-seo-wordpress\/ -->\n<title>Sp\u00e9cifications des Pneus Retreat | Pneus Commerciaux Rovelo Canada<\/title>\n<meta name=\"description\" content=\"Les sp\u00e9cifications indiqu\u00e9es ci-dessous sont \u00e0 titre de recommandation seulement. L\u2019\u00e9quipement de meulage peut varier et, \u00e0 ce titre, les sp\u00e9cifications ci-dessous doivent \u00eatre v\u00e9rifi\u00e9es pour chaque type de meuleuse. En savoir plus sur les sp\u00e9cifications de retrait des pneus.\" \/>\n<meta name=\"robots\" content=\"index, follow, max-snippet:-1, max-image-preview:large, max-video-preview:-1\" \/>\n<link rel=\"canonical\" href=\"https:\/\/rovelotruck.ca\/fr-ca\/about\/specifications-de-rechapage\/\" \/>\n<meta property=\"og:locale\" content=\"fr_CA\" \/>\n<meta property=\"og:type\" content=\"article\" \/>\n<meta property=\"og:title\" content=\"Sp\u00e9cifications des Pneus Retreat | Pneus Commerciaux Rovelo Canada\" \/>\n<meta property=\"og:description\" content=\"Les sp\u00e9cifications indiqu\u00e9es ci-dessous sont \u00e0 titre de recommandation seulement. L\u2019\u00e9quipement de meulage peut varier et, \u00e0 ce titre, les sp\u00e9cifications ci-dessous doivent \u00eatre v\u00e9rifi\u00e9es pour chaque type de meuleuse. En savoir plus sur les sp\u00e9cifications de retrait des pneus.\" \/>\n<meta property=\"og:url\" content=\"https:\/\/rovelotruck.ca\/fr-ca\/about\/specifications-de-rechapage\/\" \/>\n<meta property=\"og:site_name\" content=\"Rovelo Tire Canada\" \/>\n<meta property=\"article:modified_time\" content=\"2025-09-22T03:22:12+00:00\" \/>\n<meta property=\"og:image\" content=\"https:\/\/rovelotruck.ca\/wp-content\/uploads\/2025\/08\/SEO-Image-Commercial.jpg\" \/>\n\t<meta property=\"og:image:width\" content=\"1200\" \/>\n\t<meta property=\"og:image:height\" content=\"675\" \/>\n\t<meta property=\"og:image:type\" content=\"image\/jpeg\" \/>\n<meta name=\"twitter:card\" content=\"summary_large_image\" \/>\n<meta name=\"twitter:label1\" content=\"Estimation du temps de lecture\" \/>\n\t<meta name=\"twitter:data1\" content=\"1 minute\" \/>\n<script type=\"application\/ld+json\" class=\"yoast-schema-graph\">{\"@context\":\"https:\/\/schema.org\",\"@graph\":[{\"@type\":\"WebPage\",\"@id\":\"https:\/\/rovelotruck.ca\/fr-ca\/about\/specifications-de-rechapage\/\",\"url\":\"https:\/\/rovelotruck.ca\/fr-ca\/about\/specifications-de-rechapage\/\",\"name\":\"Sp\u00e9cifications des Pneus Retreat | Pneus Commerciaux Rovelo Canada\",\"isPartOf\":{\"@id\":\"https:\/\/rovelotruck.com\/fr-ca\/#website\"},\"datePublished\":\"2025-08-07T14:21:17+00:00\",\"dateModified\":\"2025-09-22T03:22:12+00:00\",\"description\":\"Les sp\u00e9cifications indiqu\u00e9es ci-dessous sont \u00e0 titre de recommandation seulement. L\u2019\u00e9quipement de meulage peut varier et, \u00e0 ce titre, les sp\u00e9cifications ci-dessous doivent \u00eatre v\u00e9rifi\u00e9es pour chaque type de meuleuse. En savoir plus sur les sp\u00e9cifications de retrait des pneus.\",\"breadcrumb\":{\"@id\":\"https:\/\/rovelotruck.ca\/fr-ca\/about\/specifications-de-rechapage\/#breadcrumb\"},\"inLanguage\":\"fr-CA\",\"potentialAction\":[{\"@type\":\"ReadAction\",\"target\":[\"https:\/\/rovelotruck.ca\/fr-ca\/about\/specifications-de-rechapage\/\"]}]},{\"@type\":\"BreadcrumbList\",\"@id\":\"https:\/\/rovelotruck.ca\/fr-ca\/about\/specifications-de-rechapage\/#breadcrumb\",\"itemListElement\":[{\"@type\":\"ListItem\",\"position\":1,\"name\":\"Home\",\"item\":\"https:\/\/rovelotruck.com\/fr-ca\/\"},{\"@type\":\"ListItem\",\"position\":2,\"name\":\"\u00c0 propos\",\"item\":\"https:\/\/rovelotruck.com\/fr-ca\/about\/\"},{\"@type\":\"ListItem\",\"position\":3,\"name\":\"Sp\u00e9cifications de Rechapage\"}]},{\"@type\":\"WebSite\",\"@id\":\"https:\/\/rovelotruck.com\/fr-ca\/#website\",\"url\":\"https:\/\/rovelotruck.com\/fr-ca\/\",\"name\":\"Rovelo Tires Canada\",\"description\":\"\",\"publisher\":{\"@id\":\"https:\/\/rovelotruck.com\/fr-ca\/#organization\"},\"potentialAction\":[{\"@type\":\"SearchAction\",\"target\":{\"@type\":\"EntryPoint\",\"urlTemplate\":\"https:\/\/rovelotruck.com\/fr-ca\/?s={search_term_string}\"},\"query-input\":{\"@type\":\"PropertyValueSpecification\",\"valueRequired\":true,\"valueName\":\"search_term_string\"}}],\"inLanguage\":\"fr-CA\"},{\"@type\":\"Organization\",\"@id\":\"https:\/\/rovelotruck.com\/fr-ca\/#organization\",\"name\":\"Rovelo Tires Canada\",\"url\":\"https:\/\/rovelotruck.com\/fr-ca\/\",\"logo\":{\"@type\":\"ImageObject\",\"inLanguage\":\"fr-CA\",\"@id\":\"https:\/\/rovelotruck.com\/fr-ca\/#\/schema\/logo\/image\/\",\"url\":\"https:\/\/rovelotruck.ca\/wp-content\/uploads\/2025\/04\/rovelo-logo.svg\",\"contentUrl\":\"https:\/\/rovelotruck.ca\/wp-content\/uploads\/2025\/04\/rovelo-logo.svg\",\"caption\":\"Rovelo Tires Canada\"},\"image\":{\"@id\":\"https:\/\/rovelotruck.com\/fr-ca\/#\/schema\/logo\/image\/\"}}]}<\/script>\n<!-- \/ Yoast SEO plugin. -->","yoast_head_json":{"title":"Sp\u00e9cifications des Pneus Retreat | Pneus Commerciaux Rovelo Canada","description":"Les sp\u00e9cifications indiqu\u00e9es ci-dessous sont \u00e0 titre de recommandation seulement. L\u2019\u00e9quipement de meulage peut varier et, \u00e0 ce titre, les sp\u00e9cifications ci-dessous doivent \u00eatre v\u00e9rifi\u00e9es pour chaque type de meuleuse. En savoir plus sur les sp\u00e9cifications de retrait des pneus.","robots":{"index":"index","follow":"follow","max-snippet":"max-snippet:-1","max-image-preview":"max-image-preview:large","max-video-preview":"max-video-preview:-1"},"canonical":"https:\/\/rovelotruck.ca\/fr-ca\/about\/specifications-de-rechapage\/","og_locale":"fr_CA","og_type":"article","og_title":"Sp\u00e9cifications des Pneus Retreat | Pneus Commerciaux Rovelo Canada","og_description":"Les sp\u00e9cifications indiqu\u00e9es ci-dessous sont \u00e0 titre de recommandation seulement. L\u2019\u00e9quipement de meulage peut varier et, \u00e0 ce titre, les sp\u00e9cifications ci-dessous doivent \u00eatre v\u00e9rifi\u00e9es pour chaque type de meuleuse. En savoir plus sur les sp\u00e9cifications de retrait des pneus.","og_url":"https:\/\/rovelotruck.ca\/fr-ca\/about\/specifications-de-rechapage\/","og_site_name":"Rovelo Tire Canada","article_modified_time":"2025-09-22T03:22:12+00:00","og_image":[{"width":1200,"height":675,"url":"https:\/\/rovelotruck.ca\/wp-content\/uploads\/2025\/08\/SEO-Image-Commercial.jpg","type":"image\/jpeg"}],"twitter_card":"summary_large_image","twitter_misc":{"Estimation du temps de lecture":"1 minute"},"schema":{"@context":"https:\/\/schema.org","@graph":[{"@type":"WebPage","@id":"https:\/\/rovelotruck.ca\/fr-ca\/about\/specifications-de-rechapage\/","url":"https:\/\/rovelotruck.ca\/fr-ca\/about\/specifications-de-rechapage\/","name":"Sp\u00e9cifications des Pneus Retreat | Pneus Commerciaux Rovelo Canada","isPartOf":{"@id":"https:\/\/rovelotruck.com\/fr-ca\/#website"},"datePublished":"2025-08-07T14:21:17+00:00","dateModified":"2025-09-22T03:22:12+00:00","description":"Les sp\u00e9cifications indiqu\u00e9es ci-dessous sont \u00e0 titre de recommandation seulement. L\u2019\u00e9quipement de meulage peut varier et, \u00e0 ce titre, les sp\u00e9cifications ci-dessous doivent \u00eatre v\u00e9rifi\u00e9es pour chaque type de meuleuse. En savoir plus sur les sp\u00e9cifications de retrait des pneus.","breadcrumb":{"@id":"https:\/\/rovelotruck.ca\/fr-ca\/about\/specifications-de-rechapage\/#breadcrumb"},"inLanguage":"fr-CA","potentialAction":[{"@type":"ReadAction","target":["https:\/\/rovelotruck.ca\/fr-ca\/about\/specifications-de-rechapage\/"]}]},{"@type":"BreadcrumbList","@id":"https:\/\/rovelotruck.ca\/fr-ca\/about\/specifications-de-rechapage\/#breadcrumb","itemListElement":[{"@type":"ListItem","position":1,"name":"Home","item":"https:\/\/rovelotruck.com\/fr-ca\/"},{"@type":"ListItem","position":2,"name":"\u00c0 propos","item":"https:\/\/rovelotruck.com\/fr-ca\/about\/"},{"@type":"ListItem","position":3,"name":"Sp\u00e9cifications de Rechapage"}]},{"@type":"WebSite","@id":"https:\/\/rovelotruck.com\/fr-ca\/#website","url":"https:\/\/rovelotruck.com\/fr-ca\/","name":"Rovelo Tires Canada","description":"","publisher":{"@id":"https:\/\/rovelotruck.com\/fr-ca\/#organization"},"potentialAction":[{"@type":"SearchAction","target":{"@type":"EntryPoint","urlTemplate":"https:\/\/rovelotruck.com\/fr-ca\/?s={search_term_string}"},"query-input":{"@type":"PropertyValueSpecification","valueRequired":true,"valueName":"search_term_string"}}],"inLanguage":"fr-CA"},{"@type":"Organization","@id":"https:\/\/rovelotruck.com\/fr-ca\/#organization","name":"Rovelo Tires Canada","url":"https:\/\/rovelotruck.com\/fr-ca\/","logo":{"@type":"ImageObject","inLanguage":"fr-CA","@id":"https:\/\/rovelotruck.com\/fr-ca\/#\/schema\/logo\/image\/","url":"https:\/\/rovelotruck.ca\/wp-content\/uploads\/2025\/04\/rovelo-logo.svg","contentUrl":"https:\/\/rovelotruck.ca\/wp-content\/uploads\/2025\/04\/rovelo-logo.svg","caption":"Rovelo Tires Canada"},"image":{"@id":"https:\/\/rovelotruck.com\/fr-ca\/#\/schema\/logo\/image\/"}}]}},"_links":{"self":[{"href":"https:\/\/rovelotruck.ca\/fr-ca\/wp-json\/wp\/v2\/pages\/4080","targetHints":{"allow":["GET"]}}],"collection":[{"href":"https:\/\/rovelotruck.ca\/fr-ca\/wp-json\/wp\/v2\/pages"}],"about":[{"href":"https:\/\/rovelotruck.ca\/fr-ca\/wp-json\/wp\/v2\/types\/page"}],"author":[{"embeddable":true,"href":"https:\/\/rovelotruck.ca\/fr-ca\/wp-json\/wp\/v2\/users\/1"}],"replies":[{"embeddable":true,"href":"https:\/\/rovelotruck.ca\/fr-ca\/wp-json\/wp\/v2\/comments?post=4080"}],"version-history":[{"count":4,"href":"https:\/\/rovelotruck.ca\/fr-ca\/wp-json\/wp\/v2\/pages\/4080\/revisions"}],"predecessor-version":[{"id":4227,"href":"https:\/\/rovelotruck.ca\/fr-ca\/wp-json\/wp\/v2\/pages\/4080\/revisions\/4227"}],"up":[{"embeddable":true,"href":"https:\/\/rovelotruck.ca\/fr-ca\/wp-json\/wp\/v2\/pages\/2221"}],"wp:attachment":[{"href":"https:\/\/rovelotruck.ca\/fr-ca\/wp-json\/wp\/v2\/media?parent=4080"}],"curies":[{"name":"wp","href":"https:\/\/api.w.org\/{rel}","templated":true}]}}